{"id":5894,"date":"2024-04-21T16:46:57","date_gmt":"2024-04-21T14:46:57","guid":{"rendered":"https:\/\/fv-vilseck.de\/?page_id=5894"},"modified":"2025-11-11T16:50:04","modified_gmt":"2025-11-11T14:50:04","slug":"chronik","status":"publish","type":"page","link":"https:\/\/fv-vilseck.de\/?page_id=5894","title":{"rendered":"Chronik"},"content":{"rendered":"<p>Im Jahr 2014 wurde mit 15 M\u00e4dchen der Grundstein gelegt und eine private Garde ins Leben gerufen.<\/p>\n<p>Nach l\u00e4ngerer Vereinssuche nahm 2017 der FV Vilseck 1921 e.V. die Gardem\u00e4dchen als neue Sparte unter seine Fittiche. Im Saal des FV Sportheims wurde ab sofort flei\u00dfig trainiert. Das der FVV perfekt passte, merkte man schon an den \u00fcbereinstimmenden Vereinsfarben und den blau\/wei\u00dfen Kost\u00fcmen der Kindergarde. Sogar beim Ostbayerischen Gardetreffen in Nittenau im Januar 2020 dachte man, das \u201eFV\u201c f\u00fcr Faschingsverein steht.<\/p>\n<p>Mit den Jahren und unz\u00e4hligen Auftritten wuchs der Bekanntheitsgrad der Kindergarde immer weiter, so dass inzwischen ein Warteliste f\u00fcr interessierte Kinder erstellt werden musste.<\/p>\n<p>Aktuell umfasst die Gardesparte 5 Gruppen mit 6 M\u00e4dchen im Alter von 5-18 Jahren. Um die Kinder k\u00fcmmern sich derzeit 8 Trainerinnen und 3 Betreuerinnen.<\/p>\n<p>Highlights sind in jedem Jahr die Inthronisierungsfeier und der Empfang im Rathaus.<\/p>\n<p><strong>Kinder-Prinzenpaare:<\/strong><\/p>\n<p>2021 Fay I. und Sebastian I.<\/p>\n<p>2022 Sandra I. und Sebastian I.<\/p>\n<p>2023 Emma I. und Bastian I.<\/p>\n<p>2024 Emma I. und Bastian I.<\/p>\n<p>2025 Emily I. und Jan I.<\/p>\n<p>2026 Namira I. und Raffael I.<\/p>\n<p><strong>Jugendprinzenpaar:<\/strong><\/p>\n<p>2026 Lilly I. und Linus I.<\/p>\n<p><strong>Erwachsenen-Prinzenpaare:<\/strong><\/p>\n<p>2024 Johanna I. und Stefan I.<\/p>\n<p>2025 Lina I. und Phillip I.<\/p>\n<p>2026 Hannah I. und Maximilian I.<\/p>\n<p><a href=\"https:\/\/fv-vilseck.de\/wp-content\/uploads\/2025\/11\/Rathaus.jpg\" data-rel=\"lightbox-image-0\" data-rl_title=\"\" data-rl_caption=\"\" title=\"\"><img loading=\"lazy\" decoding=\"async\" class=\"alignnone size-medium wp-image-6492\" src=\"https:\/\/fv-vilseck.de\/wp-content\/uploads\/2025\/11\/Rathaus-300x225.jpg\" alt=\"\" width=\"300\" height=\"225\" srcset=\"https:\/\/fv-vilseck.de\/wp-content\/uploads\/2025\/11\/Rathaus-300x225.jpg 300w, https:\/\/fv-vilseck.de\/wp-content\/uploads\/2025\/11\/Rathaus-1024x768.jpg 1024w, https:\/\/fv-vilseck.de\/wp-content\/uploads\/2025\/11\/Rathaus-768x576.jpg 768w, https:\/\/fv-vilseck.de\/wp-content\/uploads\/2025\/11\/Rathaus-1536x1152.jpg 1536w, https:\/\/fv-vilseck.de\/wp-content\/uploads\/2025\/11\/Rathaus.jpg 1600w\" sizes=\"auto, (max-width: 300px) 100vw, 300px\" \/><\/a><\/p>\n<p><a href=\"https:\/\/fv-vilseck.de\/wp-content\/uploads\/2025\/11\/Inthro.jpg\" data-rel=\"lightbox-image-1\" data-rl_title=\"\" data-rl_caption=\"\" title=\"\"><img loading=\"lazy\" decoding=\"async\" class=\"alignnone size-medium wp-image-6493\" src=\"https:\/\/fv-vilseck.de\/wp-content\/uploads\/2025\/11\/Inthro-300x200.jpg\" alt=\"\" width=\"300\" height=\"200\" srcset=\"https:\/\/fv-vilseck.de\/wp-content\/uploads\/2025\/11\/Inthro-300x200.jpg 300w, https:\/\/fv-vilseck.de\/wp-content\/uploads\/2025\/11\/Inthro-1024x682.jpg 1024w, https:\/\/fv-vilseck.de\/wp-content\/uploads\/2025\/11\/Inthro-768x512.jpg 768w, https:\/\/fv-vilseck.de\/wp-content\/uploads\/2025\/11\/Inthro-1536x1023.jpg 1536w, https:\/\/fv-vilseck.de\/wp-content\/uploads\/2025\/11\/Inthro.jpg 1600w\" sizes=\"auto, (max-width: 300px) 100vw, 300px\" \/><\/a><\/p>\n<p>&nbsp;<\/p>\n","protected":false},"excerpt":{"rendered":"<p>Im Jahr 2014 wurde mit 15 M\u00e4dchen der Grundstein gelegt und eine private Garde ins Leben gerufen. Nach l\u00e4ngerer Vereinssuche nahm 2017 der FV Vilseck 1921 e.V. die Gardem\u00e4dchen als neue Sparte unter seine Fittiche. Im Saal des FV Sportheims wurde ab sofort flei\u00dfig trainiert. Das der FVV perfekt passte, merkte man schon an den<\/p>\n<p><a class=\"read-more\" href=\"https:\/\/fv-vilseck.de\/?page_id=5894\"> Mehr lesen&#8230;<\/a><\/p>\n","protected":false},"author":3,"featured_media":0,"parent":5890,"menu_order":3,"comment_status":"closed","ping_status":"closed","template":"about.php","meta":{"footnotes":""},"class_list":["post-5894","page","type-page","status-publish","hentry"],"_links":{"self":[{"href":"https:\/\/fv-vilseck.de\/index.php?rest_route=\/wp\/v2\/pages\/5894","targetHints":{"allow":["GET"]}}],"collection":[{"href":"https:\/\/fv-vilseck.de\/index.php?rest_route=\/wp\/v2\/pages"}],"about":[{"href":"https:\/\/fv-vilseck.de\/index.php?rest_route=\/wp\/v2\/types\/page"}],"author":[{"embeddable":true,"href":"https:\/\/fv-vilseck.de\/index.php?rest_route=\/wp\/v2\/users\/3"}],"replies":[{"embeddable":true,"href":"https:\/\/fv-vilseck.de\/index.php?rest_route=%2Fwp%2Fv2%2Fcomments&post=5894"}],"version-history":[{"count":13,"href":"https:\/\/fv-vilseck.de\/index.php?rest_route=\/wp\/v2\/pages\/5894\/revisions"}],"predecessor-version":[{"id":6495,"href":"https:\/\/fv-vilseck.de\/index.php?rest_route=\/wp\/v2\/pages\/5894\/revisions\/6495"}],"up":[{"embeddable":true,"href":"https:\/\/fv-vilseck.de\/index.php?rest_route=\/wp\/v2\/pages\/5890"}],"wp:attachment":[{"href":"https:\/\/fv-vilseck.de\/index.php?rest_route=%2Fwp%2Fv2%2Fmedia&parent=5894"}],"curies":[{"name":"wp","href":"https:\/\/api.w.org\/{rel}","templated":true}]}}