{"id":2,"date":"2014-09-01T08:36:06","date_gmt":"2014-09-01T06:36:06","guid":{"rendered":"https:\/\/fv-vilseck.de\/?page_id=2"},"modified":"2022-07-29T13:24:25","modified_gmt":"2022-07-29T11:24:25","slug":"beispiel-seite","status":"publish","type":"page","link":"https:\/\/fv-vilseck.de\/","title":{"rendered":"Start"},"content":{"rendered":"<!-- POST -->\r\n<article class=\"post\">\r\n    <div class=\"post-6599 post type-post status-publish format-standard has-post-thumbnail hentry category-allgemein\"  id=\"post-6599\">\r\n          \r\n        <figure>\r\n            <a href=\"https:\/\/fv-vilseck.de\/?p=6599\">\r\n                <img loading=\"lazy\" decoding=\"async\" width=\"964\" height=\"428\" src=\"https:\/\/fv-vilseck.de\/wp-content\/uploads\/2026\/04\/20260418_184702-964x428.jpg\" class=\"attachment-sporty-blog-image size-sporty-blog-image wp-post-image\" alt=\"\" \/>            <\/a>\r\n            <figcaption>\r\n                <h2>6-Punkte-Samstag<\/h2>\r\n                <div class=\"post-date\">18. April 2026<\/div>\r\n            <\/figcaption>\r\n        <\/figure>\r\n                        <p>Ein Riesenschritt zum Klassenerhalt gelang dem FV mit einem fulminanten 4:1-Heimsieg gegen Spitzenreiter Raigering. Nichts war zu sehen von der Verunsicherung der letzten Wochen. In einer ausgeglichenen Anfangsphase hatten die G\u00e4ste durch Dowridge die erste gro\u00dfe M\u00f6glichkeit, doch Pr\u00f6ls parierte aus kurzer Distanz (15.). Das war es aber eigentlich schon vom Tabellenf\u00fchrer. In der 35.<\/p>\n<p><a class=\"read-more\" href=\"https:\/\/fv-vilseck.de\/?p=6599\"> Mehr lesen&#8230;<\/a><\/p>\n    <\/div>    \r\n<\/article>\r\n<hr\/>\r\n<!-- POST -->\r\n<article class=\"post\">\r\n    <div class=\"post-6592 post type-post status-publish format-standard has-post-thumbnail hentry category-allgemein\"  id=\"post-6592\">\r\n          \r\n        <figure>\r\n            <a href=\"https:\/\/fv-vilseck.de\/?p=6592\">\r\n                <img loading=\"lazy\" decoding=\"async\" width=\"964\" height=\"428\" src=\"https:\/\/fv-vilseck.de\/wp-content\/uploads\/2025\/10\/Liermann-964x428.jpg\" class=\"attachment-sporty-blog-image size-sporty-blog-image wp-post-image\" alt=\"\" \/>            <\/a>\r\n            <figcaption>\r\n                <h2>Zwei Mal Fu\u00dfball beim FV und Staz Online<\/h2>\r\n                <div class=\"post-date\">15. April 2026<\/div>\r\n            <\/figcaption>\r\n        <\/figure>\r\n                        <p>Die schwerstm\u00f6gliche Aufgabe bekommt am Samstag, 18.04.26 ab 17:00 Uhr der FV serviert: zu Gast ist der Spitzenreiter SV Raigering. Die Panduren thronen mit f\u00fcnf Punkten Vorsprung an der Tabellenspitze und bringen den ligaweit besten Angriff und die zweitbeste Defensive auf den Rasen. Die Elf des fr\u00fcheren FV-Coaches Martin Kratzer war nur ganz zu Beginn<\/p>\n<p><a class=\"read-more\" href=\"https:\/\/fv-vilseck.de\/?p=6592\"> Mehr lesen&#8230;<\/a><\/p>\n    <\/div>    \r\n<\/article>\r\n<hr\/>\r\n<!-- POST -->\r\n<article class=\"post\">\r\n    <div class=\"post-6589 post type-post status-publish format-standard has-post-thumbnail hentry category-allgemein\"  id=\"post-6589\">\r\n          \r\n        <figure>\r\n            <a href=\"https:\/\/fv-vilseck.de\/?p=6589\">\r\n                <img loading=\"lazy\" decoding=\"async\" width=\"964\" height=\"428\" src=\"https:\/\/fv-vilseck.de\/wp-content\/uploads\/2025\/08\/20250830_174826-964x428.jpg\" class=\"attachment-sporty-blog-image size-sporty-blog-image wp-post-image\" alt=\"\" \/>            <\/a>\r\n            <figcaption>\r\n                <h2>Klare Niederlage in K\u00f6nigstein &#8211; SG bleibt Spitzenduo im Nacken<\/h2>\r\n                <div class=\"post-date\">12. April 2026<\/div>\r\n            <\/figcaption>\r\n        <\/figure>\r\n                        <p>Nichts zu holen gab es f\u00fcr den FV beim Gastspiel in K\u00f6nigstein. Dass trotz ausgeglichener Spielanteile das deutliche 5:2 in Ordnung geht, lag an der gr\u00f6\u00dferen Zielstrebigkeit der Hausherren und dem fehleranf\u00e4lligen Spiel der G\u00e4ste. Bereits nach 6 Minuten verl\u00e4ngerte Florian Schuh einen Eckball per Kopf ins lange Eck zur fr\u00fchen F\u00fchrung. Im Anschluss strahlten<\/p>\n<p><a class=\"read-more\" href=\"https:\/\/fv-vilseck.de\/?p=6589\"> Mehr lesen&#8230;<\/a><\/p>\n    <\/div>    \r\n<\/article>\r\n<hr\/>\r\n<!-- POST -->\r\n<article class=\"post\">\r\n    <div class=\"post-6587 post type-post status-publish format-standard has-post-thumbnail hentry category-allgemein\"  id=\"post-6587\">\r\n          \r\n        <figure>\r\n            <a href=\"https:\/\/fv-vilseck.de\/?p=6587\">\r\n                <img loading=\"lazy\" decoding=\"async\" width=\"964\" height=\"428\" src=\"https:\/\/fv-vilseck.de\/wp-content\/uploads\/2025\/09\/samu-964x428.jpg\" class=\"attachment-sporty-blog-image size-sporty-blog-image wp-post-image\" alt=\"\" \/>            <\/a>\r\n            <figcaption>\r\n                <h2>Zu Gast in K\u00f6nigstein und H\u00fctten<\/h2>\r\n                <div class=\"post-date\">10. April 2026<\/div>\r\n            <\/figcaption>\r\n        <\/figure>\r\n                        <p>Immer noch steht der FV im neuen Kalenderjahr ohne Dreier da. Einen neuen Anlauf unternimmt die Gra\u00dfler-Elf am Sonntag, 12.04.26 (Ansto\u00df 16:00 Uhr) beim TSV K\u00f6nigstein. Die Gastgeber schnuppern nach wie vor am Aufstieg, haben aber mit zuletzt nur einem Punkt aus drei Spielen innerhalb von f\u00fcnf Tagen ein wenig den Anschluss verloren. Nur ein<\/p>\n<p><a class=\"read-more\" href=\"https:\/\/fv-vilseck.de\/?p=6587\"> Mehr lesen&#8230;<\/a><\/p>\n    <\/div>    \r\n<\/article>\r\n<hr\/>\r\n<!-- POST -->\r\n<article class=\"post\">\r\n    <div class=\"post-6584 post type-post status-publish format-standard has-post-thumbnail hentry category-allgemein\"  id=\"post-6584\">\r\n          \r\n        <figure>\r\n            <a href=\"https:\/\/fv-vilseck.de\/?p=6584\">\r\n                <img loading=\"lazy\" decoding=\"async\" width=\"942\" height=\"428\" src=\"https:\/\/fv-vilseck.de\/wp-content\/uploads\/2026\/04\/tempFileForShare_20260410-111834-942x428.jpg\" class=\"attachment-sporty-blog-image size-sporty-blog-image wp-post-image\" alt=\"\" \/>            <\/a>\r\n            <figcaption>\r\n                <h2>Rentner spenden f\u00fcr Jugend<\/h2>\r\n                <div class=\"post-date\">10. April 2026<\/div>\r\n            <\/figcaption>\r\n        <\/figure>\r\n                        <p>Am vergangenen Trainingstag der FV-Kids durften sich diese \u00fcber einen besonderen Besuch freuen: Peter Wismeth und Ernst Andraschko kamen nach letztem Jahr erneut in Vertretung des FV-Rentnerstammtisches vorbei und \u00fcberreichten Jugendleiter Martin Winkler eine Spende in H\u00f6he von 750\u20ac. In einem kurzen Plausch zwischen jungen und \u201ealten\u201c Fu\u00dfballern teilten Peter und Ernst den Kids mit,<\/p>\n<p><a class=\"read-more\" href=\"https:\/\/fv-vilseck.de\/?p=6584\"> Mehr lesen&#8230;<\/a><\/p>\n    <\/div>    \r\n<\/article>\r\n<hr\/>\r\n<!-- POST -->\r\n<article class=\"post\">\r\n    <div class=\"post-6580 post type-post status-publish format-standard has-post-thumbnail hentry category-allgemein\"  id=\"post-6580\">\r\n          \r\n        <figure>\r\n            <a href=\"https:\/\/fv-vilseck.de\/?p=6580\">\r\n                <img loading=\"lazy\" decoding=\"async\" width=\"964\" height=\"428\" src=\"https:\/\/fv-vilseck.de\/wp-content\/uploads\/2026\/04\/20260406_1846060-964x428.jpg\" class=\"attachment-sporty-blog-image size-sporty-blog-image wp-post-image\" alt=\"\" \/>            <\/a>\r\n            <figcaption>\r\n                <h2>M\u00fchsam ern\u00e4hrt sich das Punktekonto<\/h2>\r\n                <div class=\"post-date\">6. April 2026<\/div>\r\n            <\/figcaption>\r\n        <\/figure>\r\n                        <p>Das Kellerduell zwischen dem FV Vilseck und dem TuS-WE Hirschau endete mit 0:0 leistungsgerecht unentschieden. Bereits in der 2.Minute traf Tobias Gra\u00dfler f\u00fcr die Hausherren den Pfosten. In der 32. Minute dann kollektives Aufatmen beim FV, als der Ball nach einer Hirschauer Kopfballstafette im Netz landete, das Schirigespann jedoch auf Abseits entschied. Nach der Pause<\/p>\n<p><a class=\"read-more\" href=\"https:\/\/fv-vilseck.de\/?p=6580\"> Mehr lesen&#8230;<\/a><\/p>\n    <\/div>    \r\n<\/article>\r\n<hr\/>\r\n<!-- POST -->\r\n<article class=\"post\">\r\n    <div class=\"post-6576 post type-post status-publish format-standard hentry category-1-mannschaft category-allgemein\"  id=\"post-6576\">\r\n                        <h2>\r\n            <a href=\"https:\/\/fv-vilseck.de\/?p=6576\">Staz Online: FV Vilseck : TuS WE Hirschau &#8211; Mo. 06.04.26 &#8211; 17:00 Uhr<\/a>\r\n        <\/h2>\r\n       <!-- h&r \u00c4nderung - Nach update wieder im plugin-Ordner aktualisieren! -->\r\n         <div class=\"date-without-thumb\">5. April 2026<\/div>\r\n         <!-- Ende h&r \u00c4nderung -->\r\n                <p>Doppelspieltag f\u00fcr den FV Vilseck: am Samstag, 04.04.26 gastierte die Gra\u00dfler-Elf bereits beim Tabellennachbarn SV Schmidm\u00fchlen und heute empf\u00e4ngt der FV den TuS-WE Hirschau, dessen Fans ein besonderer Gru\u00df gilt. Beim Blick auf die Tabelle wird klar, dass es sich f\u00fcr alle Beteiligten um immens wichtige Spiele handelt. Die Leistungen des FV waren zuletzt sehr<\/p>\n<p><a class=\"read-more\" href=\"https:\/\/fv-vilseck.de\/?p=6576\"> Mehr lesen&#8230;<\/a><\/p>\n    <\/div>    \r\n<\/article>\r\n<hr\/>\r\n<!-- VIEW ALL BUTTON -->\r\n<div class=\"blogpager\">\r\n    <div class=\"previous\">\r\n        <a href=\"https:\/\/fv-vilseck.de\/?page_id=23\">Alle<\/a>\r\n    <\/div>\r\n<\/div>\r\n\n","protected":false},"excerpt":{"rendered":"","protected":false},"author":1,"featured_media":0,"parent":0,"menu_order":1,"comment_status":"open","ping_status":"closed","template":"homepage-sidebar.php","meta":{"footnotes":""},"class_list":["post-2","page","type-page","status-publish","hentry"],"_links":{"self":[{"href":"https:\/\/fv-vilseck.de\/index.php?rest_route=\/wp\/v2\/pages\/2","targetHints":{"allow":["GET"]}}],"collection":[{"href":"https:\/\/fv-vilseck.de\/index.php?rest_route=\/wp\/v2\/pages"}],"about":[{"href":"https:\/\/fv-vilseck.de\/index.php?rest_route=\/wp\/v2\/types\/page"}],"author":[{"embeddable":true,"href":"https:\/\/fv-vilseck.de\/index.php?rest_route=\/wp\/v2\/users\/1"}],"replies":[{"embeddable":true,"href":"https:\/\/fv-vilseck.de\/index.php?rest_route=%2Fwp%2Fv2%2Fcomments&post=2"}],"version-history":[{"count":5,"href":"https:\/\/fv-vilseck.de\/index.php?rest_route=\/wp\/v2\/pages\/2\/revisions"}],"predecessor-version":[{"id":3159,"href":"https:\/\/fv-vilseck.de\/index.php?rest_route=\/wp\/v2\/pages\/2\/revisions\/3159"}],"wp:attachment":[{"href":"https:\/\/fv-vilseck.de\/index.php?rest_route=%2Fwp%2Fv2%2Fmedia&parent=2"}],"curies":[{"name":"wp","href":"https:\/\/api.w.org\/{rel}","templated":true}]}}