{"id":142,"date":"2014-09-11T15:46:03","date_gmt":"2014-09-11T13:46:03","guid":{"rendered":"https:\/\/fv-vilseck.de\/?page_id=142"},"modified":"2025-04-29T13:40:20","modified_gmt":"2025-04-29T11:40:20","slug":"verein-2","status":"publish","type":"page","link":"https:\/\/fv-vilseck.de\/?page_id=142","title":{"rendered":"Verein"},"content":{"rendered":"<h3>Informationen<\/h3>\n<table style=\"height: 402px;\" width=\"1016\">\n<tbody>\n<tr style=\"height: 30px;\">\n<td style=\"width: 180px; height: 30px;\"><strong>Mitglieder<\/strong><\/td>\n<td style=\"width: 180px; height: 30px;\"><strong>\u00a0<\/strong><\/td>\n<td style=\"width: 150px; height: 30px;\">ca. 600<\/td>\n<td style=\"width: 90px; height: 30px;\"><\/td>\n<\/tr>\n<tr style=\"height: 30px;\">\n<td style=\"width: 90px; height: 30px;\"><strong>Sparten<\/strong><\/td>\n<td style=\"width: 90px; height: 30px;\"><\/td>\n<td style=\"width: 150px; height: 30px;\">Fu\u00dfball<\/td>\n<td style=\"width: 70px; height: 30px;\"><\/td>\n<\/tr>\n<tr style=\"height: 30px;\">\n<td style=\"height: 26px;\"><\/td>\n<td style=\"height: 26px;\"><\/td>\n<td style=\"height: 26px;\">Kinderturnen (Garde)<\/td>\n<td style=\"height: 26px;\"><\/td>\n<\/tr>\n<tr style=\"height: 30px;\">\n<td style=\"height: 10px;\"><\/td>\n<td style=\"height: 10px;\"><\/td>\n<td style=\"height: 10px;\"><\/td>\n<td style=\"height: 10px;\"><\/td>\n<\/tr>\n<tr style=\"height: 30px;\">\n<td style=\"width: 90px; height: 10px;\"><\/td>\n<td style=\"width: 90px; height: 10px;\"><\/td>\n<td style=\"width: 150px; height: 10px;\"><\/td>\n<td style=\"width: 70px; height: 10px;\"><\/td>\n<\/tr>\n<tr style=\"height: 30px;\">\n<td style=\"width: 90px; height: 30px;\"><strong>Sportanlagen<\/strong><\/td>\n<td style=\"width: 90px; height: 30px;\">\n<div style=\"text-align: left;\" align=\"center\">Fu\u00dfball<\/div>\n<\/td>\n<td style=\"width: 150px; height: 30px;\">3 Rasenspielfelder<\/td>\n<td style=\"width: 70px; height: 30px;\"><\/td>\n<\/tr>\n<tr style=\"height: 30px;\">\n<td style=\"width: 90px; height: 30px;\"><\/td>\n<td style=\"width: 90px; height: 30px;\"><\/td>\n<td style=\"width: 220px; height: 30px;\">1 Minispielfeld (Kunstrasen)<\/td>\n<td style=\"width: 220px; height: 30px;\"><\/td>\n<\/tr>\n<tr style=\"height: 30px;\">\n<td style=\"width: 90px; height: 30px;\"><\/td>\n<td style=\"width: 90px; text-align: left; height: 30px;\"><\/td>\n<td style=\"width: 150px; height: 30px;\"><\/td>\n<td style=\"width: 70px; height: 30px;\"><\/td>\n<\/tr>\n<tr style=\"height: 30px;\">\n<td style=\"width: 90px; height: 30px;\"><strong>Sportgastst\u00e4tte<\/strong><\/td>\n<td style=\"width: 90px; text-align: left; height: 30px;\">Telefon<\/td>\n<td style=\"width: 150px; height: 30px;\"><span style=\"width: 140px;\">09662 \/ 70 29 254<\/span><\/td>\n<td style=\"width: 70px; height: 30px;\"><\/td>\n<\/tr>\n<tr style=\"height: 30px;\">\n<td style=\"width: 90px; height: 30px;\">\u00a0<strong>&#8222;Pizzeria Antonio&#8220;<\/strong><\/td>\n<td style=\"width: 90px; text-align: left; height: 30px;\"><span style=\"width: 140px;\">\u00d6ffnungszeiten<\/span><\/td>\n<td style=\"width: 150px; height: 30px;\">Montag<\/td>\n<td style=\"width: 90px; height: 30px;\">Ruhetag<\/td>\n<\/tr>\n<tr style=\"height: 30px;\">\n<td style=\"width: 90px; height: 30px;\"><\/td>\n<td style=\"width: 90px; text-align: left; height: 30px;\"><\/td>\n<td style=\"width: 150px; height: 30px;\">Dienstag &#8211; Sonntag<\/td>\n<td style=\"width: 90px; height: 30px;\">ab 17:00 Uhr<\/td>\n<\/tr>\n<\/tbody>\n<\/table>\n<p>&nbsp;<\/p>\n<p>&nbsp;<\/p>\n","protected":false},"excerpt":{"rendered":"<p>Informationen Mitglieder \u00a0 ca. 600 Sparten Fu\u00dfball Kinderturnen (Garde) Sportanlagen Fu\u00dfball 3 Rasenspielfelder 1 Minispielfeld (Kunstrasen) Sportgastst\u00e4tte Telefon 09662 \/ 70 29 254 \u00a0&#8222;Pizzeria Antonio&#8220; \u00d6ffnungszeiten Montag Ruhetag Dienstag &#8211; Sonntag ab 17:00 Uhr &nbsp; &nbsp;<\/p>\n","protected":false},"author":1,"featured_media":0,"parent":0,"menu_order":2,"comment_status":"open","ping_status":"closed","template":"about.php","meta":{"footnotes":""},"class_list":["post-142","page","type-page","status-publish","hentry"],"_links":{"self":[{"href":"https:\/\/fv-vilseck.de\/index.php?rest_route=\/wp\/v2\/pages\/142","targetHints":{"allow":["GET"]}}],"collection":[{"href":"https:\/\/fv-vilseck.de\/index.php?rest_route=\/wp\/v2\/pages"}],"about":[{"href":"https:\/\/fv-vilseck.de\/index.php?rest_route=\/wp\/v2\/types\/page"}],"author":[{"embeddable":true,"href":"https:\/\/fv-vilseck.de\/index.php?rest_route=\/wp\/v2\/users\/1"}],"replies":[{"embeddable":true,"href":"https:\/\/fv-vilseck.de\/index.php?rest_route=%2Fwp%2Fv2%2Fcomments&post=142"}],"version-history":[{"count":9,"href":"https:\/\/fv-vilseck.de\/index.php?rest_route=\/wp\/v2\/pages\/142\/revisions"}],"predecessor-version":[{"id":6201,"href":"https:\/\/fv-vilseck.de\/index.php?rest_route=\/wp\/v2\/pages\/142\/revisions\/6201"}],"wp:attachment":[{"href":"https:\/\/fv-vilseck.de\/index.php?rest_route=%2Fwp%2Fv2%2Fmedia&parent=142"}],"curies":[{"name":"wp","href":"https:\/\/api.w.org\/{rel}","templated":true}]}}