{"id":108,"date":"2021-09-30T12:00:39","date_gmt":"2021-09-30T10:00:39","guid":{"rendered":"https:\/\/fv-vilseck.de\/?page_id=108"},"modified":"2026-03-23T17:03:40","modified_gmt":"2026-03-23T15:03:40","slug":"vorstandschaft","status":"publish","type":"page","link":"https:\/\/fv-vilseck.de\/?page_id=108","title":{"rendered":"Vorstandschaft"},"content":{"rendered":"<div class='content-column one_half'><\/div>\n<div class='content-column one_half last_column'><p>Die Vorstandschaft wurde am 13. April 2025 neu gew\u00e4hlt. Die Neuwahlen ergaben folgendes Ergebnis:<\/p>\n<p><strong>1. Vorstand: <\/strong>Oliver Piehler<br \/>\n<strong>2. Vorstand:<\/strong> Daniel Liermann<br \/>\n<b>3. Vorstand<strong>: <\/strong><\/b>Jenny Rumpler<\/p>\n<p><strong>1. Kassier: <\/strong>Manfred H\u00f6gl<br \/>\n<strong>2. Kassier: <\/strong>Sven Germeshausen<\/p>\n<p><strong>1. Schriftf\u00fchrer: <\/strong>Stefan Liermann<br \/>\n<strong>2. Schriftf\u00fchrer: <\/strong>Lena Piehler<\/p>\n<p><strong>Jugendleiter:<\/strong> Martin Winkler<\/p>\n<p><strong>Kinderschutzbeauftragte:<\/strong><\/p>\n<ul type=\"disc\">\n<li class=\"oneComWebmail-MsoNormal\"><b>Vereinsverantwortlicher f\u00fcr Kinderschutz auf Vorstandsebene:<\/b><br \/>\nWinkler Martin &#8211; Mobil: <span style=\"font-family: Aptos, sans-serif;\">015140109412<\/span><\/li>\n<p><\/p>\n<li><b>Ansprechpartner innerhalb des Vereins (Vertrauensperson, Kinderschutzbeauftragter):<\/b><br \/>\n&#8211; Anna Regler &#8211; Mobil: 016096627465<br \/>\n&#8211; Tonia Pr\u00f6ls &#8211; Mobil: 015118700297<\/li>\n<\/ul>\n<p><strong>Kindergarde Abteilungsleiter:<\/strong> Christine Lehner<\/p>\n<p><strong>Beirat<\/strong><br \/>\nFlorian Engelhardt<br \/>\nAndreas Lukesch<br \/>\nSebastian M\u00e4rtin<br \/>\nJ\u00fcrgen Ziegler<br \/>\nHans-J\u00fcrgen Geier<\/p>\n<p><strong>Kassenpr\u00fcfer<\/strong>: Heiner Fenk und Ludwig Pr\u00f6ls<\/p><\/div><div class='clear_column'><\/div>\n<p>&nbsp;<\/p>\n<p><a href=\"https:\/\/fv-vilseck.de\/wp-content\/uploads\/2025\/04\/20250413_204759_resized_1-1.jpg\" data-rel=\"lightbox-image-0\" data-rl_title=\"\" data-rl_caption=\"\" title=\"\"><img loading=\"lazy\" decoding=\"async\" class=\"alignnone wp-image-6192\" src=\"https:\/\/fv-vilseck.de\/wp-content\/uploads\/2025\/04\/20250413_204759_resized_1-1-300x169.jpg\" alt=\"\" width=\"367\" height=\"207\" srcset=\"https:\/\/fv-vilseck.de\/wp-content\/uploads\/2025\/04\/20250413_204759_resized_1-1-300x169.jpg 300w, https:\/\/fv-vilseck.de\/wp-content\/uploads\/2025\/04\/20250413_204759_resized_1-1-1024x576.jpg 1024w, https:\/\/fv-vilseck.de\/wp-content\/uploads\/2025\/04\/20250413_204759_resized_1-1-768x432.jpg 768w, https:\/\/fv-vilseck.de\/wp-content\/uploads\/2025\/04\/20250413_204759_resized_1-1-1536x864.jpg 1536w, https:\/\/fv-vilseck.de\/wp-content\/uploads\/2025\/04\/20250413_204759_resized_1-1.jpg 1920w\" sizes=\"auto, (max-width: 367px) 100vw, 367px\" \/><\/a><\/p>\n<p>Die neue Vorstandschaft sitzend: 2. Vors. Daniel Liermann, 1. Vors. Oliver Piehler, 3. Vors. Jenny Rumpler, stehend v. l: Hans-J\u00fcrgen Geier, Stefan Liermann, Lena PiehlerAndreas Lukesch, Sebastian M\u00e4rtin, Bgm. Hans-Martin Schertl, Sven Germershausen, Florian Engelhardt, J\u00fcrgen Ziegler, Manfred H\u00f6gl, Tine Lehner, Martin Winkler.<\/p>\n","protected":false},"excerpt":{"rendered":"<p>&nbsp; Die neue Vorstandschaft sitzend: 2. Vors. Daniel Liermann, 1. Vors. Oliver Piehler, 3. Vors. Jenny Rumpler, stehend v. l: Hans-J\u00fcrgen Geier, Stefan Liermann, Lena PiehlerAndreas Lukesch, Sebastian M\u00e4rtin, Bgm. Hans-Martin Schertl, Sven Germershausen, Florian Engelhardt, J\u00fcrgen Ziegler, Manfred H\u00f6gl, Tine Lehner, Martin Winkler.<\/p>\n","protected":false},"author":1,"featured_media":6198,"parent":142,"menu_order":1,"comment_status":"open","ping_status":"closed","template":"about.php","meta":{"footnotes":""},"class_list":["post-108","page","type-page","status-publish","has-post-thumbnail","hentry"],"_links":{"self":[{"href":"https:\/\/fv-vilseck.de\/index.php?rest_route=\/wp\/v2\/pages\/108","targetHints":{"allow":["GET"]}}],"collection":[{"href":"https:\/\/fv-vilseck.de\/index.php?rest_route=\/wp\/v2\/pages"}],"about":[{"href":"https:\/\/fv-vilseck.de\/index.php?rest_route=\/wp\/v2\/types\/page"}],"author":[{"embeddable":true,"href":"https:\/\/fv-vilseck.de\/index.php?rest_route=\/wp\/v2\/users\/1"}],"replies":[{"embeddable":true,"href":"https:\/\/fv-vilseck.de\/index.php?rest_route=%2Fwp%2Fv2%2Fcomments&post=108"}],"version-history":[{"count":29,"href":"https:\/\/fv-vilseck.de\/index.php?rest_route=\/wp\/v2\/pages\/108\/revisions"}],"predecessor-version":[{"id":6553,"href":"https:\/\/fv-vilseck.de\/index.php?rest_route=\/wp\/v2\/pages\/108\/revisions\/6553"}],"up":[{"embeddable":true,"href":"https:\/\/fv-vilseck.de\/index.php?rest_route=\/wp\/v2\/pages\/142"}],"wp:featuredmedia":[{"embeddable":true,"href":"https:\/\/fv-vilseck.de\/index.php?rest_route=\/wp\/v2\/media\/6198"}],"wp:attachment":[{"href":"https:\/\/fv-vilseck.de\/index.php?rest_route=%2Fwp%2Fv2%2Fmedia&parent=108"}],"curies":[{"name":"wp","href":"https:\/\/api.w.org\/{rel}","templated":true}]}}